{"id":29,"date":"2014-11-19T16:05:40","date_gmt":"2014-11-19T16:05:40","guid":{"rendered":"http:\/\/villa-marie-porec.com\/?page_id=29"},"modified":"2024-07-18T21:31:33","modified_gmt":"2024-07-18T21:31:33","slug":"villa-marie","status":"publish","type":"page","link":"https:\/\/villa-marie-porec.com\/","title":{"rendered":"Villa Marie"},"content":{"rendered":"<h4>A place to feel Home and make Memories.&nbsp;<\/h4>\n<p>Die Villa Marie befindet sich in einem kleinen Ort in der N\u00e4he der Stadt Pore\u010d an der Westk\u00fcste Istriens (Kroatien) und bietet genug Platz f\u00fcr 2-3 Familien (max 10 Personen). Das freistehende Haus besteht aus zwei Wohneinheiten.<\/p>\n<blockquote>\n<p><span style=\"color: #808080;\"><em>Die Villa Marie ist f\u00fcr mich eine Erholungsoase. Hier kann ich die Seele baumeln lassen und Energie tanken.&nbsp;<\/em>&#8211; Mike Salomon<\/span><\/p>\n<\/blockquote>\n<p><strong>Kleine Wohneinheit: <\/strong><\/p>\n<ul>\n<li>Wohnfl\u00e4che von 75 m\u00b2<\/li>\n<li>Wohnzimmer, Esszimmer und K\u00fcche<\/li>\n<li>G\u00e4ste-WC im Erdgescho\u00df<\/li>\n<li>Obergeschoss: Kinderzimmer mit zwei Einzelbetten inkl. Badezimmer<\/li>\n<li>Obergeschoss: Schlafzimmer mit einem Doppelbett inkl. Badezimmer<\/li>\n<\/ul>\n<p><strong>Gro\u00dfe Wohneinheit:<\/strong><\/p>\n<ul>\n<li>Wohnfl\u00e4che von 125 m\u00b2<\/li>\n<li>Wohnzimmer, Esszimmer und K\u00fcche<\/li>\n<li>G\u00e4ste-WC im Erdgescho\u00df<\/li>\n<li>Obergeschoss: Kinderzimmer mit zwei Einzelbetten, inkl. Badezimmer<\/li>\n<li>Obergeschoss: Schlafzimmer mit einem Doppelbett, inkl. Badezimmer<\/li>\n<li>Dachgeschoss: Schlafzimmer mit einem Doppel- und einem Einzelbett, inkl. Badezimmer<\/li>\n<\/ul>\n<p>Im Au\u00dfenbereich steht den G\u00e4sten der Villa Marie ein sehr sch\u00f6n angelegter Pool von ca. 24 m\u00b2 inkl. einem separatem Becken f\u00fcr kleine Kinder von ca. 4 m\u00b2 und einer Dusche zur Verf\u00fcgung.<\/p>\n<p>Zwei gro\u00dfe \u00fcberdachte Terrassen mit rustikalen Sitzgarnituren aus Eiche sorgen f\u00fcr gem\u00fctliche Abende. Die Terrasse am Pool verf\u00fcgt au\u00dferdem \u00fcber einen Grill.&nbsp;<\/p>\n\n\n<figure class=\"wp-block-embed is-type-video is-provider-youtube wp-block-embed-youtube wp-embed-aspect-16-9 wp-has-aspect-ratio\"><div class=\"wp-block-embed__wrapper\">\n<iframe loading=\"lazy\" title=\"Villa Marie Porec 2024\" width=\"700\" height=\"394\" src=\"https:\/\/www.youtube.com\/embed\/eDDUlM7qHBE?feature=oembed\" frameborder=\"0\" allow=\"accelerometer; autoplay; clipboard-write; encrypted-media; gyroscope; picture-in-picture; web-share\" referrerpolicy=\"strict-origin-when-cross-origin\" allowfullscreen><\/iframe>\n<\/div><\/figure>\n\n\n\n<hr class=\"wp-block-separator has-css-opacity\"\/>\n\n\n\n<p><\/p>\n\n\n\n<div class=\"wp-block-buttons is-content-justification-center is-layout-flex wp-container-core-buttons-is-layout-16018d1d wp-block-buttons-is-layout-flex\">\n<div class=\"wp-block-button is-style-outline is-style-outline--1\"><a class=\"wp-block-button__link has-white-background-color has-text-color has-background wp-element-button\" href=\"http:\/\/villa-marie-porec.com\/?page_id=100\" style=\"border-radius:10px;color:#d2cbcb\">Preise<\/a><\/div>\n\n\n\n<div class=\"wp-block-button\"><a class=\"wp-block-button__link has-white-color has-text-color has-background wp-element-button\" href=\"http:\/\/villa-marie-porec.com\/?page_id=2\" style=\"border-radius:10px;background-color:#d2cbcb\"><mark style=\"background-color:rgba(0, 0, 0, 0)\" class=\"has-inline-color has-white-color\">Lage und Umgebung<\/mark><\/a><\/div>\n\n\n\n<div class=\"wp-block-button is-style-outline is-style-outline--2\"><a class=\"wp-block-button__link has-white-background-color has-text-color has-background wp-element-button\" href=\"http:\/\/villa-marie-porec.com\/?page_id=22\" style=\"border-radius:10px;color:#d2cbcb\">Verf\u00fcgbarkeit<\/a><\/div>\n<\/div>\n\n\n\n<p><\/p>\n","protected":false},"excerpt":{"rendered":"<p>A place to feel Home and make Memories.&nbsp; Die Villa Marie befindet sich in einem kleinen Ort in der N\u00e4he der Stadt Pore\u010d an der Westk\u00fcste Istriens (Kroatien) und bietet genug Platz f\u00fcr 2-3 Familien (max 10 Personen). Das freistehende Haus besteht aus zwei Wohneinheiten. Die Villa Marie ist f\u00fcr mich eine Erholungsoase. Hier kann &#8230; <span class=\"more\"><a class=\"more-link\" href=\"https:\/\/villa-marie-porec.com\/\">[Read more&#8230;]<\/a><\/span><\/p>\n","protected":false},"author":1,"featured_media":0,"parent":0,"menu_order":0,"comment_status":"closed","ping_status":"closed","template":"","meta":{"ngg_post_thumbnail":0,"footnotes":""},"class_list":["entry","page","publish","author-porec","post-29"],"_links":{"self":[{"href":"https:\/\/villa-marie-porec.com\/index.php?rest_route=\/wp\/v2\/pages\/29","targetHints":{"allow":["GET"]}}],"collection":[{"href":"https:\/\/villa-marie-porec.com\/index.php?rest_route=\/wp\/v2\/pages"}],"about":[{"href":"https:\/\/villa-marie-porec.com\/index.php?rest_route=\/wp\/v2\/types\/page"}],"author":[{"embeddable":true,"href":"https:\/\/villa-marie-porec.com\/index.php?rest_route=\/wp\/v2\/users\/1"}],"replies":[{"embeddable":true,"href":"https:\/\/villa-marie-porec.com\/index.php?rest_route=%2Fwp%2Fv2%2Fcomments&post=29"}],"version-history":[{"count":20,"href":"https:\/\/villa-marie-porec.com\/index.php?rest_route=\/wp\/v2\/pages\/29\/revisions"}],"predecessor-version":[{"id":986,"href":"https:\/\/villa-marie-porec.com\/index.php?rest_route=\/wp\/v2\/pages\/29\/revisions\/986"}],"wp:attachment":[{"href":"https:\/\/villa-marie-porec.com\/index.php?rest_route=%2Fwp%2Fv2%2Fmedia&parent=29"}],"curies":[{"name":"wp","href":"https:\/\/api.w.org\/{rel}","templated":true}]}}